{"id":126,"date":"2011-04-15T08:13:44","date_gmt":"2011-04-15T08:13:44","guid":{"rendered":"http:\/\/swab.attraction.se\/?page_id=126"},"modified":"2015-10-02T10:00:49","modified_gmt":"2015-10-02T10:00:49","slug":"parkgatan-16","status":"publish","type":"page","link":"http:\/\/swabfastigheter.se\/?page_id=126","title":{"rendered":"S\u00f6dra Parkgatan 16"},"content":{"rendered":"<h2>Inga lediga l\u00e4genheter just nu<\/h2>\n<p>&nbsp;<\/p>\n<p>Du kan fylla i din intresseanm\u00e4lan <a href=\"?page_id=533 \" target=\"_self\">h\u00e4r \u00bb<\/a><\/p>\n","protected":false},"excerpt":{"rendered":"<p>Inga lediga l\u00e4genheter just nu &nbsp; Du kan fylla i din intresseanm\u00e4lan h\u00e4r \u00bb<\/p>\n","protected":false},"author":1,"featured_media":0,"parent":8,"menu_order":0,"comment_status":"closed","ping_status":"closed","template":"fullwidth.php","meta":[],"_links":{"self":[{"href":"http:\/\/swabfastigheter.se\/index.php?rest_route=\/wp\/v2\/pages\/126"}],"collection":[{"href":"http:\/\/swabfastigheter.se\/index.php?rest_route=\/wp\/v2\/pages"}],"about":[{"href":"http:\/\/swabfastigheter.se\/index.php?rest_route=\/wp\/v2\/types\/page"}],"author":[{"embeddable":true,"href":"http:\/\/swabfastigheter.se\/index.php?rest_route=\/wp\/v2\/users\/1"}],"replies":[{"embeddable":true,"href":"http:\/\/swabfastigheter.se\/index.php?rest_route=%2Fwp%2Fv2%2Fcomments&post=126"}],"version-history":[{"count":12,"href":"http:\/\/swabfastigheter.se\/index.php?rest_route=\/wp\/v2\/pages\/126\/revisions"}],"predecessor-version":[{"id":828,"href":"http:\/\/swabfastigheter.se\/index.php?rest_route=\/wp\/v2\/pages\/126\/revisions\/828"}],"up":[{"embeddable":true,"href":"http:\/\/swabfastigheter.se\/index.php?rest_route=\/wp\/v2\/pages\/8"}],"wp:attachment":[{"href":"http:\/\/swabfastigheter.se\/index.php?rest_route=%2Fwp%2Fv2%2Fmedia&parent=126"}],"curies":[{"name":"wp","href":"https:\/\/api.w.org\/{rel}","templated":true}]}}