{"id":33,"date":"2011-04-13T18:35:33","date_gmt":"2011-04-13T18:35:33","guid":{"rendered":"http:\/\/swab.attraction.se\/?page_id=33"},"modified":"2024-04-19T09:01:44","modified_gmt":"2024-04-19T09:01:44","slug":"blanketter","status":"publish","type":"page","link":"http:\/\/swabfastigheter.se\/?page_id=33","title":{"rendered":"Blanketter"},"content":{"rendered":"<h1>H\u00e4r kan du ladda ned blanketter<\/h1>\n<p>H\u00e4r finner du ett urval av blanketter att skriva ut och anv\u00e4nda.<br \/>\nEfter underskrift skickas blanketten till:<\/p>\n<p>SWAB-fastigheter<br \/>\nVikingsbergsv\u00e4gen 32<br \/>\n217 57 MALM\u00d6<\/p>\n<hr \/>\n<h2>Andrahandsuthyrning<\/h2>\n<p>Om du funderar p\u00e5 att hyra ut i andra hand och vill g\u00f6ra en ans\u00f6kan, v\u00e4lj Ans\u00f6kan hyra ut i 2a hand.<\/p>\n<hr \/>\n<h2>Bostadsbyte<\/h2>\n<p>Om du vill byta bostad med n\u00e5gon, v\u00e4lj Bytesans\u00f6kan.<\/p>\n<hr \/>\n<h2>Flyttst\u00e4dning<\/h2>\n<p>Vid avflyttning kan det vara bra att ha en checklista f\u00f6r st\u00e4dning till hands, v\u00e4lj Checklista st\u00e4dning.<\/p>\n<hr \/>\n<h2>Upps\u00e4gning<\/h2>\n<p>Om du vill s\u00e4ga upp din l\u00e4genhet skall det g\u00f6ras skrifltigen och skickas in till SWAB-fastigheter, v\u00e4lj Upps\u00e4gning av bostad.<\/p>\n<hr \/>\n<ul>\n<li><a href=\"\/wp-content\/uploads\/2011\/04\/Ans-hyra-ut-lgh-i-2a-hand.pdf\">Ans\u00f6kan hyra ut i 2a hand<\/a><\/li>\n<li><a href=\"\/wp-content\/uploads\/2011\/04\/Bytesansokan.pdf\">Bytesans\u00f6kan<\/a><\/li>\n<li><a href=\"\/wp-content\/uploads\/2011\/04\/Checklista-stadning.pdf\">Checklista st\u00e4dning<\/a><\/li>\n<li><a href=\"\/wp-content\/uploads\/2011\/04\/Uppsagning-av-bostad.pdf\">Upps\u00e4gning av bostad<\/a><\/li>\n<\/ul>\n","protected":false},"excerpt":{"rendered":"<p>H\u00e4r kan du ladda ned blanketter H\u00e4r finner du ett urval av blanketter att skriva ut och anv\u00e4nda. Efter underskrift skickas blanketten till: SWAB-fastigheter Vikingsbergsv\u00e4gen 32 217 57 MALM\u00d6 Andrahandsuthyrning Om du funderar p\u00e5 att hyra ut i andra hand och vill g\u00f6ra en ans\u00f6kan, v\u00e4lj Ans\u00f6kan hyra ut i 2a hand. Bostadsbyte Om du &hellip; <a href=\"http:\/\/swabfastigheter.se\/?page_id=33\" class=\"more-link\">Forts\u00e4tt l\u00e4sa <span class=\"screen-reader-text\">Blanketter<\/span> <span class=\"meta-nav\">&rarr;<\/span><\/a><\/p>\n","protected":false},"author":1,"featured_media":0,"parent":24,"menu_order":0,"comment_status":"closed","ping_status":"closed","template":"","meta":[],"_links":{"self":[{"href":"http:\/\/swabfastigheter.se\/index.php?rest_route=\/wp\/v2\/pages\/33"}],"collection":[{"href":"http:\/\/swabfastigheter.se\/index.php?rest_route=\/wp\/v2\/pages"}],"about":[{"href":"http:\/\/swabfastigheter.se\/index.php?rest_route=\/wp\/v2\/types\/page"}],"author":[{"embeddable":true,"href":"http:\/\/swabfastigheter.se\/index.php?rest_route=\/wp\/v2\/users\/1"}],"replies":[{"embeddable":true,"href":"http:\/\/swabfastigheter.se\/index.php?rest_route=%2Fwp%2Fv2%2Fcomments&post=33"}],"version-history":[{"count":2,"href":"http:\/\/swabfastigheter.se\/index.php?rest_route=\/wp\/v2\/pages\/33\/revisions"}],"predecessor-version":[{"id":920,"href":"http:\/\/swabfastigheter.se\/index.php?rest_route=\/wp\/v2\/pages\/33\/revisions\/920"}],"up":[{"embeddable":true,"href":"http:\/\/swabfastigheter.se\/index.php?rest_route=\/wp\/v2\/pages\/24"}],"wp:attachment":[{"href":"http:\/\/swabfastigheter.se\/index.php?rest_route=%2Fwp%2Fv2%2Fmedia&parent=33"}],"curies":[{"name":"wp","href":"https:\/\/api.w.org\/{rel}","templated":true}]}}