{"id":35,"date":"2011-04-13T18:36:51","date_gmt":"2011-04-13T18:36:51","guid":{"rendered":"http:\/\/swab.attraction.se\/?page_id=35"},"modified":"2015-10-02T10:38:56","modified_gmt":"2015-10-02T10:38:56","slug":"in-och-utflyttning","status":"publish","type":"page","link":"http:\/\/swabfastigheter.se\/?page_id=35","title":{"rendered":"In- och utflyttning"},"content":{"rendered":"<h1>In- och utflyttning<\/h1>\n<p>Vid en flytt \u00e4r det en hel rad saker att t\u00e4nka p\u00e5. Praktiska detaljer ska planeras och \u00e5tg\u00e4rdas.<br \/>\nH\u00e4r f\u00f6ljer n\u00e5gra r\u00e5d och tips.<\/p>\n<hr\/>\n<h2>Besiktning<\/h2>\n<p>Kontrollera med SWAB att besiktning har genomf\u00f6rts innan du flyttar in.<\/p>\n<hr \/>\n<h2>Adress\u00e4ndring<\/h2>\n<p>Adressen \u00e4ndrar du genom att ringa Svensk adress\u00e4ndring p\u00e5 telefon 020-979899 eller anm\u00e4la flytt via deras hemsida, <a href=\"http:\/\/www.adressandring.se\" target=\"_blank\">adressandring.se \u00bb<\/a>. D\u00e4r har du ocks\u00e5 m\u00f6jlighet att best\u00e4lla adress\u00e4ndringskort.<\/p>\n<hr\/>\n<h2>Gl\u00f6m inte v\u00e4nner och bekanta<\/h2>\n<p>Meddela din nya adress till v\u00e4nner, bekanta och arbetsgivare. Bank- och postgiro, f\u00f6rs\u00e4kringsbolag, kreditgivare. F\u00f6reningar, klubbar, bok- och tidningsf\u00f6rlag d\u00e4r du \u00e4r medlem eller har prenumerationer.<\/p>\n<hr\/>\n<h2>Nytt nummer<\/h2>\n<p>Best\u00e4ll flyttning av telefonen snarast, det kan ta tid. Telefon 90 200.<\/p>\n<hr\/>\n<h2>Nytt elabonnemang<\/h2>\n<p>Gl\u00f6m inte att avsluta ditt gamla elabonnemang och anm\u00e4la ditt nya.<\/p>\n<hr\/>\n<h2>S\u00e4g upp i god tid<\/h2>\n<p>S\u00e4g upp din gamla l\u00e4genhet s\u00e5 snart som m\u00f6jligt. G\u00e4llande upps\u00e4gningstid st\u00e5r angivet i hyreskontraktet. T\u00e4nk p\u00e5 att du \u00e4r skyldig att visa din l\u00e4genhet f\u00f6r kommande hyresg\u00e4ster.<\/p>\n<hr\/>\n<h2>Flyttst\u00e4dning<\/h2>\n<p>Se st\u00e4dinstruktion under fliken blanketter.<\/p>\n<hr\/>\n<h2>Nycklar<\/h2>\n<p>Alla nycklar som h\u00f6r till l\u00e4genheten skall \u00e5terl\u00e4mnas till hyresv\u00e4rden senast avflyttningsdagen.<\/p>\n","protected":false},"excerpt":{"rendered":"<p>In- och utflyttning Vid en flytt \u00e4r det en hel rad saker att t\u00e4nka p\u00e5. Praktiska detaljer ska planeras och \u00e5tg\u00e4rdas. H\u00e4r f\u00f6ljer n\u00e5gra r\u00e5d och tips. Besiktning Kontrollera med SWAB att besiktning har genomf\u00f6rts innan du flyttar in. Adress\u00e4ndring Adressen \u00e4ndrar du genom att ringa Svensk adress\u00e4ndring p\u00e5 telefon 020-979899 eller anm\u00e4la flytt via &hellip; <a href=\"http:\/\/swabfastigheter.se\/?page_id=35\" class=\"more-link\">Forts\u00e4tt l\u00e4sa <span class=\"screen-reader-text\">In- och utflyttning<\/span> <span class=\"meta-nav\">&rarr;<\/span><\/a><\/p>\n","protected":false},"author":1,"featured_media":0,"parent":24,"menu_order":0,"comment_status":"closed","ping_status":"closed","template":"","meta":[],"_links":{"self":[{"href":"http:\/\/swabfastigheter.se\/index.php?rest_route=\/wp\/v2\/pages\/35"}],"collection":[{"href":"http:\/\/swabfastigheter.se\/index.php?rest_route=\/wp\/v2\/pages"}],"about":[{"href":"http:\/\/swabfastigheter.se\/index.php?rest_route=\/wp\/v2\/types\/page"}],"author":[{"embeddable":true,"href":"http:\/\/swabfastigheter.se\/index.php?rest_route=\/wp\/v2\/users\/1"}],"replies":[{"embeddable":true,"href":"http:\/\/swabfastigheter.se\/index.php?rest_route=%2Fwp%2Fv2%2Fcomments&post=35"}],"version-history":[{"count":1,"href":"http:\/\/swabfastigheter.se\/index.php?rest_route=\/wp\/v2\/pages\/35\/revisions"}],"predecessor-version":[{"id":858,"href":"http:\/\/swabfastigheter.se\/index.php?rest_route=\/wp\/v2\/pages\/35\/revisions\/858"}],"up":[{"embeddable":true,"href":"http:\/\/swabfastigheter.se\/index.php?rest_route=\/wp\/v2\/pages\/24"}],"wp:attachment":[{"href":"http:\/\/swabfastigheter.se\/index.php?rest_route=%2Fwp%2Fv2%2Fmedia&parent=35"}],"curies":[{"name":"wp","href":"https:\/\/api.w.org\/{rel}","templated":true}]}}