{"id":37,"date":"2011-04-13T18:37:25","date_gmt":"2011-04-13T18:37:25","guid":{"rendered":"http:\/\/swab.attraction.se\/?page_id=37"},"modified":"2015-10-02T10:41:49","modified_gmt":"2015-10-02T10:41:49","slug":"trivselregler","status":"publish","type":"page","link":"http:\/\/swabfastigheter.se\/?page_id=37","title":{"rendered":"Trivselregler"},"content":{"rendered":"<h1 title=\"trivselregler\">Trivselregler<\/h1>\n<p><a href=\"#kok\" target=\"_self\">K\u00f6k<\/a><br \/>\n<a href=\"#renovera\" target=\"_self\">Renovera pa\u030a egen hand<\/a><br \/>\n<a href=\"#toalettbadrum\" target=\"_self\">Toalett och badrum<\/a><br \/>\n<a href=\"#tvattstuga\" target=\"_self\">Tva\u0308ttstuga<\/a><\/p>\n<hr id=\"kok\" \/>\n<h1>K\u00f6k<\/h1>\n<p><strong>Kyl och frys<\/strong><br \/>\nTorka av kylen regelbundet. Det \u00e4r viktigt f\u00f6r att dina livsmedel ska beh\u00e5lla sin fr\u00e4sch\u00f6r. Regelbunden avfrostning av frysen ger en j\u00e4mn temperatur och l\u00e4gre energif\u00f6rbrukning. Dessutom h\u00e5ller varorna l\u00e4ngre. Hacka eller bryt inte bort isen, l\u00e5t den tina och sm\u00e4lta bort. Eventuellt kan du st\u00e4lla in en sk\u00e5l med hett vatten i frysen f\u00f6r att p\u00e5skynda avfrostningen. Gl\u00f6m inte att skydda golvet!<\/p>\n<p><strong>Spis och fl\u00e4kt<\/strong><br \/>\nH\u00e5ll spis och fl\u00e4kt rena s\u00e5 minskar nedsmutsningen p\u00e5 \u00f6vrig inredning i k\u00f6ket. Fett i filter och spisk\u00e5por \u00f6kar brandrisken. Torka av spish\u00e4llen efter varje g\u00e5ng du lagat mat s\u00e5 att inte fett och spill br\u00e4nns fast. H\u00e5ll plattorna rena s\u00e5 v\u00e4rmer de b\u00e4ttre. Reng\u00f6r ugnen s\u00e5 fort det blivit spill. D\u00e5 blir det mindre os.<\/p>\n<p><strong>Renare disk<\/strong><br \/>\nVissa l\u00e4genheter har utrustats med diskmaskin. T\u00e4nk d\u00e5 p\u00e5 att ta bort matrester innan du st\u00e4ller in porslin, bestick och glas. Rensa grovsilen regelbundet och kontrollera att finsilens finmaskiga n\u00e4t inte \u00e4r igengrott, d\u00e5 blir disken renare. \u00d6verdosera inte diskmedlet.<\/p>\n<p><em>Anm\u00e4l omg\u00e5ende fel p\u00e5 maskinerna!<\/em><\/p>\n<hr id=\"renovera\" \/>\n<h1>Renovera p\u00e5 egen hand<\/h1>\n<p>Du f\u00e5r inte renovera din hyresl\u00e4genhet p\u00e5 egen hand utan \u00f6verenskommelse med fastighets\u00e4garen! I annat fall blir du ers\u00e4ttningsskyldig f\u00f6r \u00e5terst\u00e4llandet av l\u00e4genheten n\u00e4r du flyttar.<\/p>\n<p><strong>\u00c5rliga inspektionsm\u00f6ten<\/strong><br \/>\nDu kommer \u00e5rligen att f\u00e5 bes\u00f6k av representanter fr\u00e5n SWAB-fastigheter. Vid dessa m\u00f6ten kommer vi att g\u00e5 igenom vilka f\u00f6rb\u00e4ttringar som kan g\u00f6ras och du f\u00e5r ocks\u00e5 tillf\u00e4lle att framf\u00f6ra dina \u00f6nskem\u00e5l om f\u00f6r\u00e4ndringar.<\/p>\n<p><strong>Upph\u00e4ngning p\u00e5 v\u00e4ggar<\/strong><br \/>\nV\u00e4ggarna i din l\u00e4genhet kan vara av olika material och det \u00e4r viktigt att du anv\u00e4nder t ex r\u00e4tt tavelkrokar. R\u00e5dg\u00f6r alltid med fastighetssk\u00f6taren f\u00f6rst om du \u00f6nskar s\u00e4tta upp hyllor eller liknande p\u00e5 v\u00e4ggarna. G\u00f6r aldrig h\u00e5l i kakelplattor sj\u00e4lv! Kaklet kan l\u00e4tt spricka och fukt kan vandra in bakom. Be fastighetssk\u00f6taren om hj\u00e4lp eller anv\u00e4nd sj\u00e4lvh\u00e4ftande krokar.<\/p>\n<hr id=\"toalettbadrum\"\/>\n<h1>Toalett och badrum<\/h1>\n<p><strong>Reng\u00f6ring<\/strong><br \/>\nSkurmedel repar och f\u00f6rsv\u00e5rar reng\u00f6ringen. En mjuk borste och ett milt reng\u00f6ringsmedel \u00e4r d\u00e4rf\u00f6r den b\u00e4sta hj\u00e4lpen f\u00f6r att h\u00e5lla toalett och badrum rena, utan att skada emalj, kakel och porslin. Mot kalkbel\u00e4ggningar i wc-stolen kan du anv\u00e4nda vinsyra eller citronsyra, vinsyra tar \u00e4ven bort rost. Haka av badkarsfronten och reng\u00f6r bakom och under badkaret d\u00e5 och d\u00e5. Glaset i duschen skall torkas ofta f\u00f6r att undvika kalkavlagringar, Spola inte ner f\u00f6rem\u00e5l i toalettstolen som kan orsaka stopp. Gl\u00f6m inte att reng\u00f6ra golvbrunnen under badkaret och duschen.<\/p>\n<hr id=\"tvattstuga\" \/>\n<h1>Tv\u00e4ttstuga<\/h1>\n<p>Tv\u00e4ttstugan har du och dina grannar gemensam tillg\u00e5ng till och ansvar f\u00f6r. Naturligtvis l\u00e4mnar du tv\u00e4ttstugan i det skick du sj\u00e4lv vill m\u00f6ta den. Det \u00e4r trots allt b\u00e4ttre att g\u00f6ra rent efter sig sj\u00e4lv \u00e4n efter andra.<\/p>\n<p><strong>Regler<\/strong><br \/>\nDu f\u00e5r bara boka en tv\u00e4ttid \u00e5t g\u00e5ngen och det \u00e4r viktigt att du h\u00e5ller din tid. Var r\u00e4dd om maskinerna, f\u00f6lj instruktionerna noga. D\u00e5 f\u00e5r du ocks\u00e5 b\u00e4sta tv\u00e4ttresultatet. Klorin f\u00e5r inte anv\u00e4ndas f\u00f6r blekning och reng\u00f6ring. Du f\u00e5r inte heller f\u00e4rga kl\u00e4der eller tv\u00e4tta mattor i maskinerna. Den som kommer efter kan f\u00e5 sin tv\u00e4tt f\u00f6rst\u00f6rd.<\/p>\n<p><strong>Reng\u00f6ring och st\u00e4dning<\/strong><br \/>\nG\u00f6r rent i tv\u00e4ttmedelsfacken, ta bort damm fr\u00e5n torktumlarens luddfilter, torka av maskinerna samt sopa och vid behov v\u00e5tmoppa golvet.<\/p>\n<p><em>Anm\u00e4l omg\u00e5ende fel p\u00e5 maskinerna!<\/em><\/p>\n","protected":false},"excerpt":{"rendered":"<p>Trivselregler K\u00f6k Renovera pa\u030a egen hand Toalett och badrum Tva\u0308ttstuga K\u00f6k Kyl och frys Torka av kylen regelbundet. Det \u00e4r viktigt f\u00f6r att dina livsmedel ska beh\u00e5lla sin fr\u00e4sch\u00f6r. Regelbunden avfrostning av frysen ger en j\u00e4mn temperatur och l\u00e4gre energif\u00f6rbrukning. Dessutom h\u00e5ller varorna l\u00e4ngre. Hacka eller bryt inte bort isen, l\u00e5t den tina och sm\u00e4lta &hellip; <a href=\"http:\/\/swabfastigheter.se\/?page_id=37\" class=\"more-link\">Forts\u00e4tt l\u00e4sa <span class=\"screen-reader-text\">Trivselregler<\/span> <span class=\"meta-nav\">&rarr;<\/span><\/a><\/p>\n","protected":false},"author":1,"featured_media":0,"parent":24,"menu_order":0,"comment_status":"closed","ping_status":"closed","template":"","meta":[],"_links":{"self":[{"href":"http:\/\/swabfastigheter.se\/index.php?rest_route=\/wp\/v2\/pages\/37"}],"collection":[{"href":"http:\/\/swabfastigheter.se\/index.php?rest_route=\/wp\/v2\/pages"}],"about":[{"href":"http:\/\/swabfastigheter.se\/index.php?rest_route=\/wp\/v2\/types\/page"}],"author":[{"embeddable":true,"href":"http:\/\/swabfastigheter.se\/index.php?rest_route=\/wp\/v2\/users\/1"}],"replies":[{"embeddable":true,"href":"http:\/\/swabfastigheter.se\/index.php?rest_route=%2Fwp%2Fv2%2Fcomments&post=37"}],"version-history":[{"count":1,"href":"http:\/\/swabfastigheter.se\/index.php?rest_route=\/wp\/v2\/pages\/37\/revisions"}],"predecessor-version":[{"id":864,"href":"http:\/\/swabfastigheter.se\/index.php?rest_route=\/wp\/v2\/pages\/37\/revisions\/864"}],"up":[{"embeddable":true,"href":"http:\/\/swabfastigheter.se\/index.php?rest_route=\/wp\/v2\/pages\/24"}],"wp:attachment":[{"href":"http:\/\/swabfastigheter.se\/index.php?rest_route=%2Fwp%2Fv2%2Fmedia&parent=37"}],"curies":[{"name":"wp","href":"https:\/\/api.w.org\/{rel}","templated":true}]}}