{"id":41,"date":"2011-04-13T18:38:29","date_gmt":"2011-04-13T18:38:29","guid":{"rendered":"http:\/\/swab.attraction.se\/?page_id=41"},"modified":"2015-10-02T10:38:28","modified_gmt":"2015-10-02T10:38:28","slug":"forsumliga-hyresbetalare","status":"publish","type":"page","link":"http:\/\/swabfastigheter.se\/?page_id=41","title":{"rendered":"F\u00f6rsumliga hyresbetalare"},"content":{"rendered":"<h1>F\u00f6rsumliga hyresbetalare<\/h1>\n<p>Att regelm\u00e4ssigt betala hyran f\u00f6r sent kan naturligtvis inte accepteras. Den skall enligt lydelsen i kontraktet, betalas senast sista vardagen i m\u00e5naden innan den m\u00e5nad den avser. Vid upprepade betalningsf\u00f6rseningar kan hyresg\u00e4sten mista r\u00e4tten att bo kvar i l\u00e4genheten dvs vr\u00e4kas p\u00e5 grund av upprepad missk\u00f6tsamhet. Har hyran inte betalats in den 10:e m\u00e5naden kommer en p\u00e5minnelse att g\u00e5 ut och en p\u00e5minnelseavgift p\u00e5 50 SEK kommer att debiteras p\u00e5 n\u00e4stkommande hyresavi.<\/p>\n<p>Vid helt uteblivna hyror inleds ganska omg\u00e5ende ett inkassof\u00f6rfarande med kravbrev och ans\u00f6kan om betalningsf\u00f6rel\u00e4ggande hos Kronofogdemyndigheten. Detta kan leda till att du vr\u00e4ks om inte hyresskulden betalas omg\u00e5ende. Du drabbas samtidigt av att under l\u00e5ng tid f\u00f6rekomma i alla register r\u00f6rande d\u00e5liga betalare vilket i sin tur kan medf\u00f6ra problem med att f\u00e5 tag i bostad, att f\u00e5 l\u00e5n, g\u00f6ra avbetalningsk\u00f6p mm.<\/p>\n","protected":false},"excerpt":{"rendered":"<p>F\u00f6rsumliga hyresbetalare Att regelm\u00e4ssigt betala hyran f\u00f6r sent kan naturligtvis inte accepteras. Den skall enligt lydelsen i kontraktet, betalas senast sista vardagen i m\u00e5naden innan den m\u00e5nad den avser. Vid upprepade betalningsf\u00f6rseningar kan hyresg\u00e4sten mista r\u00e4tten att bo kvar i l\u00e4genheten dvs vr\u00e4kas p\u00e5 grund av upprepad missk\u00f6tsamhet. Har hyran inte betalats in den 10:e &hellip; <a href=\"http:\/\/swabfastigheter.se\/?page_id=41\" class=\"more-link\">Forts\u00e4tt l\u00e4sa <span class=\"screen-reader-text\">F\u00f6rsumliga hyresbetalare<\/span> <span class=\"meta-nav\">&rarr;<\/span><\/a><\/p>\n","protected":false},"author":1,"featured_media":0,"parent":24,"menu_order":0,"comment_status":"closed","ping_status":"closed","template":"","meta":[],"_links":{"self":[{"href":"http:\/\/swabfastigheter.se\/index.php?rest_route=\/wp\/v2\/pages\/41"}],"collection":[{"href":"http:\/\/swabfastigheter.se\/index.php?rest_route=\/wp\/v2\/pages"}],"about":[{"href":"http:\/\/swabfastigheter.se\/index.php?rest_route=\/wp\/v2\/types\/page"}],"author":[{"embeddable":true,"href":"http:\/\/swabfastigheter.se\/index.php?rest_route=\/wp\/v2\/users\/1"}],"replies":[{"embeddable":true,"href":"http:\/\/swabfastigheter.se\/index.php?rest_route=%2Fwp%2Fv2%2Fcomments&post=41"}],"version-history":[{"count":1,"href":"http:\/\/swabfastigheter.se\/index.php?rest_route=\/wp\/v2\/pages\/41\/revisions"}],"predecessor-version":[{"id":857,"href":"http:\/\/swabfastigheter.se\/index.php?rest_route=\/wp\/v2\/pages\/41\/revisions\/857"}],"up":[{"embeddable":true,"href":"http:\/\/swabfastigheter.se\/index.php?rest_route=\/wp\/v2\/pages\/24"}],"wp:attachment":[{"href":"http:\/\/swabfastigheter.se\/index.php?rest_route=%2Fwp%2Fv2%2Fmedia&parent=41"}],"curies":[{"name":"wp","href":"https:\/\/api.w.org\/{rel}","templated":true}]}}