{"id":50,"date":"2011-04-13T18:41:57","date_gmt":"2011-04-13T18:41:57","guid":{"rendered":"http:\/\/swab.attraction.se\/?page_id=50"},"modified":"2015-10-02T09:54:10","modified_gmt":"2015-10-02T09:54:10","slug":"swab-fastiheter","status":"publish","type":"page","link":"http:\/\/swabfastigheter.se\/?page_id=50","title":{"rendered":"F\u00f6retaget SWAB"},"content":{"rendered":"<h1>SWAB fastigheter<\/h1>\n<h2>K\u00e4rnv\u00e4rden<\/h2>\n<p>SWAB jobbar l\u00e5ngsiktigt med ett medvetet kvalitetst\u00e4nk.<br \/>\nGenom ett gediget arbete, milj\u00f6smarta l\u00f6sningar och en<br \/>\npersonlig n\u00e4rvaro skapar SWAB en trygg milj\u00f6 f\u00f6r sina<br \/>\nhyresg\u00e4ster.<\/p>\n","protected":false},"excerpt":{"rendered":"<p>SWAB fastigheter K\u00e4rnv\u00e4rden SWAB jobbar l\u00e5ngsiktigt med ett medvetet kvalitetst\u00e4nk. Genom ett gediget arbete, milj\u00f6smarta l\u00f6sningar och en personlig n\u00e4rvaro skapar SWAB en trygg milj\u00f6 f\u00f6r sina hyresg\u00e4ster.<\/p>\n","protected":false},"author":1,"featured_media":0,"parent":0,"menu_order":0,"comment_status":"closed","ping_status":"closed","template":"fullwidth.php","meta":[],"_links":{"self":[{"href":"http:\/\/swabfastigheter.se\/index.php?rest_route=\/wp\/v2\/pages\/50"}],"collection":[{"href":"http:\/\/swabfastigheter.se\/index.php?rest_route=\/wp\/v2\/pages"}],"about":[{"href":"http:\/\/swabfastigheter.se\/index.php?rest_route=\/wp\/v2\/types\/page"}],"author":[{"embeddable":true,"href":"http:\/\/swabfastigheter.se\/index.php?rest_route=\/wp\/v2\/users\/1"}],"replies":[{"embeddable":true,"href":"http:\/\/swabfastigheter.se\/index.php?rest_route=%2Fwp%2Fv2%2Fcomments&post=50"}],"version-history":[{"count":2,"href":"http:\/\/swabfastigheter.se\/index.php?rest_route=\/wp\/v2\/pages\/50\/revisions"}],"predecessor-version":[{"id":822,"href":"http:\/\/swabfastigheter.se\/index.php?rest_route=\/wp\/v2\/pages\/50\/revisions\/822"}],"wp:attachment":[{"href":"http:\/\/swabfastigheter.se\/index.php?rest_route=%2Fwp%2Fv2%2Fmedia&parent=50"}],"curies":[{"name":"wp","href":"https:\/\/api.w.org\/{rel}","templated":true}]}}