{"id":8,"date":"2011-04-13T18:24:28","date_gmt":"2011-04-13T18:24:28","guid":{"rendered":"http:\/\/swab.attraction.se\/?page_id=8"},"modified":"2015-10-02T09:56:58","modified_gmt":"2015-10-02T09:56:58","slug":"lediga-lagenheter","status":"publish","type":"page","link":"http:\/\/swabfastigheter.se\/?page_id=8","title":{"rendered":"Lediga l\u00e4genheter"},"content":{"rendered":"<div class=\"row\">\n<div class=\"col-md-4\">\n<div class=\"lediga-center\">\n<p><a title=\"Almbacksgatan 15\" href=\"\/?page_id=119\"><img decoding=\"async\" loading=\"lazy\" src=\"\/wp-content\/uploads\/2011\/04\/Puffs_Lediga_A.jpg\" alt=\"\" width=\"290\" height=\"310\" \/><\/a><\/p>\n<p><span class=\"antal\">0<\/span><br \/>\n<span class=\"atext\">stycken lediga l\u00e4genheter<\/span><\/p>\n<\/div>\n<\/div>\n<div class=\"col-md-4\">\n<div class=\"lediga-center\">\n<p><a title=\"Kristianstadsgatan 21 a-c\" href=\"\/?page_id=124\"><img decoding=\"async\" loading=\"lazy\" src=\"\/wp-content\/uploads\/2011\/04\/vara_fastigheter_Kristianstadsgatan2.png\" alt=\"\" width=\"290\" height=\"310\" \/><\/a><\/p>\n<p><span class=\"antal\">0<\/span><br \/>\n<span class=\"atext\">stycken lediga l\u00e4genheter<\/span><\/p>\n<\/div>\n<\/div>\n<div class=\"col-md-4\">\n<div class=\"lediga-center\">\n<p><a title=\"S\u00f6dra Parkgatan 16\" href=\"\/?page_id=126\"><img decoding=\"async\" loading=\"lazy\" src=\"\/wp-content\/uploads\/2011\/04\/Puffs_Lediga_SodraParkgatan1.png\" alt=\"\" width=\"290\" height=\"310\" \/><\/a><\/p>\n<p><span class=\"antal\">0<\/span><br \/>\n<span class=\"atext\">stycken lediga l\u00e4genheter<\/span><\/p>\n<\/div>\n<\/div>\n<\/div>\n","protected":false},"excerpt":{"rendered":"<p>0 stycken lediga l\u00e4genheter 0 stycken lediga l\u00e4genheter 0 stycken lediga l\u00e4genheter<\/p>\n","protected":false},"author":1,"featured_media":0,"parent":0,"menu_order":0,"comment_status":"closed","ping_status":"closed","template":"fullwidth.php","meta":[],"_links":{"self":[{"href":"http:\/\/swabfastigheter.se\/index.php?rest_route=\/wp\/v2\/pages\/8"}],"collection":[{"href":"http:\/\/swabfastigheter.se\/index.php?rest_route=\/wp\/v2\/pages"}],"about":[{"href":"http:\/\/swabfastigheter.se\/index.php?rest_route=\/wp\/v2\/types\/page"}],"author":[{"embeddable":true,"href":"http:\/\/swabfastigheter.se\/index.php?rest_route=\/wp\/v2\/users\/1"}],"replies":[{"embeddable":true,"href":"http:\/\/swabfastigheter.se\/index.php?rest_route=%2Fwp%2Fv2%2Fcomments&post=8"}],"version-history":[{"count":5,"href":"http:\/\/swabfastigheter.se\/index.php?rest_route=\/wp\/v2\/pages\/8\/revisions"}],"predecessor-version":[{"id":824,"href":"http:\/\/swabfastigheter.se\/index.php?rest_route=\/wp\/v2\/pages\/8\/revisions\/824"}],"wp:attachment":[{"href":"http:\/\/swabfastigheter.se\/index.php?rest_route=%2Fwp%2Fv2%2Fmedia&parent=8"}],"curies":[{"name":"wp","href":"https:\/\/api.w.org\/{rel}","templated":true}]}}